{"id":1701,"date":"2023-08-09T13:10:50","date_gmt":"2023-08-09T13:10:50","guid":{"rendered":"https:\/\/www.ozeano.studio\/producto\/atp-medium58\/"},"modified":"2024-02-07T19:46:10","modified_gmt":"2024-02-07T19:46:10","slug":"atp-medium58","status":"publish","type":"product","link":"https:\/\/www.ozeano.studio\/en\/product\/atp-medium58\/","title":{"rendered":"ATP CEILING &#8211; MEDIUM"},"content":{"rendered":"<h3>Moonlight. Ceiling light.<\/h3>\n<h4>Description<\/h4>\n<p>We wanted to bring you the possibility of having the moonlight in your space. An image of it, clear and defined, which can be regulated in intensity and provide you with a warm and immersive atmosphere on ceilings and walls. As natural as it is to look at the sky, this moon illuminates you with its gentle presence.<\/p>\n<p>If you wish to customize the color of the base, please contact us.<\/p>\n<p>&nbsp;<\/p>\n<h4>Characteristics<\/h4>\n<p>Size:\u00a0 \u00a0\u00d8 58 x W 9 cm<\/p>\n<p>*There are 3 sizes: \u00d8 38 cm, \u00d8 58 cm and \u00d8 78 cm, to fit in any environment.<\/p>\n","protected":false},"excerpt":{"rendered":"<p>Moonlight. Ceiling light. Description We wanted to bring you the possibility of having the moonlight in your space. An image of it, clear and defined, which can be regulated in intensity and provide you with a warm and immersive atmosphere on ceilings and walls. As natural as it is to look at the sky, this [&hellip;]<\/p>\n","protected":false},"featured_media":1501,"template":"","meta":{"_acf_changed":false},"product_brand":[],"product_cat":[48,60],"product_tag":[],"class_list":{"0":"post-1701","1":"product","2":"type-product","3":"status-publish","4":"has-post-thumbnail","6":"product_cat-pure-en","7":"product_cat-fire-element-pure","9":"first","10":"onbackorder","11":"shipping-taxable","12":"purchasable","13":"product-type-variable"},"acf":[],"yoast_head":"<!-- This site is optimized with the Yoast SEO plugin v27.1.1 - https:\/\/yoast.com\/product\/yoast-seo-wordpress\/ -->\n<title>ATP CEILING - MEDIUM - Ozeano<\/title>\n<meta name=\"robots\" content=\"index, follow, max-snippet:-1, max-image-preview:large, max-video-preview:-1\" \/>\n<link rel=\"canonical\" href=\"https:\/\/www.ozeano.studio\/product\/atp-medium58\/\" \/>\n<meta property=\"og:locale\" content=\"en_US\" \/>\n<meta property=\"og:type\" content=\"article\" \/>\n<meta property=\"og:title\" content=\"ATP CEILING - MEDIUM - Ozeano\" \/>\n<meta property=\"og:description\" content=\"Moonlight. Ceiling light. Description We wanted to bring you the possibility of having the moonlight in your space. An image of it, clear and defined, which can be regulated in intensity and provide you with a warm and immersive atmosphere on ceilings and walls. As natural as it is to look at the sky, this [&hellip;]\" \/>\n<meta property=\"og:url\" content=\"https:\/\/www.ozeano.studio\/product\/atp-medium58\/\" \/>\n<meta property=\"og:site_name\" content=\"Ozeano\" \/>\n<meta property=\"article:modified_time\" content=\"2024-02-07T19:46:10+00:00\" \/>\n<meta property=\"og:image\" content=\"https:\/\/www.ozeano.studio\/wp-content\/uploads\/2023\/11\/OZEANO_PRODUCTOS-PURE-ATP-1.jpg\" \/>\n\t<meta property=\"og:image:width\" content=\"925\" \/>\n\t<meta property=\"og:image:height\" content=\"1387\" \/>\n\t<meta property=\"og:image:type\" content=\"image\/jpeg\" \/>\n<meta name=\"twitter:card\" content=\"summary_large_image\" \/>\n<script type=\"application\/ld+json\" class=\"yoast-schema-graph\">{\"@context\":\"https:\/\/schema.org\",\"@graph\":[{\"@type\":\"WebPage\",\"@id\":\"https:\/\/www.ozeano.studio\/product\/atp-medium58\/\",\"url\":\"https:\/\/www.ozeano.studio\/product\/atp-medium58\/\",\"name\":\"ATP CEILING - MEDIUM - Ozeano\",\"isPartOf\":{\"@id\":\"https:\/\/www.ozeano.studio\/#website\"},\"primaryImageOfPage\":{\"@id\":\"https:\/\/www.ozeano.studio\/product\/atp-medium58\/#primaryimage\"},\"image\":{\"@id\":\"https:\/\/www.ozeano.studio\/product\/atp-medium58\/#primaryimage\"},\"thumbnailUrl\":\"https:\/\/www.ozeano.studio\/wp-content\/uploads\/2023\/11\/OZEANO_PRODUCTOS-PURE-ATP-1.jpg\",\"datePublished\":\"2023-08-09T13:10:50+00:00\",\"dateModified\":\"2024-02-07T19:46:10+00:00\",\"breadcrumb\":{\"@id\":\"https:\/\/www.ozeano.studio\/product\/atp-medium58\/#breadcrumb\"},\"inLanguage\":\"en-US\",\"potentialAction\":[{\"@type\":\"ReadAction\",\"target\":[\"https:\/\/www.ozeano.studio\/product\/atp-medium58\/\"]}]},{\"@type\":\"ImageObject\",\"inLanguage\":\"en-US\",\"@id\":\"https:\/\/www.ozeano.studio\/product\/atp-medium58\/#primaryimage\",\"url\":\"https:\/\/www.ozeano.studio\/wp-content\/uploads\/2023\/11\/OZEANO_PRODUCTOS-PURE-ATP-1.jpg\",\"contentUrl\":\"https:\/\/www.ozeano.studio\/wp-content\/uploads\/2023\/11\/OZEANO_PRODUCTOS-PURE-ATP-1.jpg\",\"width\":925,\"height\":1387,\"caption\":\"ozeano_studio l\u00e1mpara de pared con forma de luna\"},{\"@type\":\"BreadcrumbList\",\"@id\":\"https:\/\/www.ozeano.studio\/product\/atp-medium58\/#breadcrumb\",\"itemListElement\":[{\"@type\":\"ListItem\",\"position\":1,\"name\":\"Portada\",\"item\":\"https:\/\/www.ozeano.studio\/\"},{\"@type\":\"ListItem\",\"position\":2,\"name\":\"Shop\",\"item\":\"https:\/\/www.ozeano.studio\/tienda-compras-productos-diseno\/\"},{\"@type\":\"ListItem\",\"position\":3,\"name\":\"ATP CEILING &#8211; MEDIUM\"}]},{\"@type\":\"WebSite\",\"@id\":\"https:\/\/www.ozeano.studio\/#website\",\"url\":\"https:\/\/www.ozeano.studio\/\",\"name\":\"Ozeano Studio\",\"description\":\"Proyectos interiorismo Pamplona\",\"publisher\":{\"@id\":\"https:\/\/www.ozeano.studio\/#organization\"},\"potentialAction\":[{\"@type\":\"SearchAction\",\"target\":{\"@type\":\"EntryPoint\",\"urlTemplate\":\"https:\/\/www.ozeano.studio\/?s={search_term_string}\"},\"query-input\":{\"@type\":\"PropertyValueSpecification\",\"valueRequired\":true,\"valueName\":\"search_term_string\"}}],\"inLanguage\":\"en-US\"},{\"@type\":\"Organization\",\"@id\":\"https:\/\/www.ozeano.studio\/#organization\",\"name\":\"Ozeano\",\"url\":\"https:\/\/www.ozeano.studio\/\",\"logo\":{\"@type\":\"ImageObject\",\"inLanguage\":\"en-US\",\"@id\":\"https:\/\/www.ozeano.studio\/#\/schema\/logo\/image\/\",\"url\":\"https:\/\/www.ozeano.studio\/wp-content\/uploads\/2023\/11\/08_logotipo_premium_reducido_studio.png\",\"contentUrl\":\"https:\/\/www.ozeano.studio\/wp-content\/uploads\/2023\/11\/08_logotipo_premium_reducido_studio.png\",\"width\":534,\"height\":389,\"caption\":\"Ozeano\"},\"image\":{\"@id\":\"https:\/\/www.ozeano.studio\/#\/schema\/logo\/image\/\"},\"sameAs\":[\"https:\/\/www.instagram.com\/ozeanostudio\/\"]}]}<\/script>\n<!-- \/ Yoast SEO plugin. -->","yoast_head_json":{"title":"ATP CEILING - MEDIUM - Ozeano","robots":{"index":"index","follow":"follow","max-snippet":"max-snippet:-1","max-image-preview":"max-image-preview:large","max-video-preview":"max-video-preview:-1"},"canonical":"https:\/\/www.ozeano.studio\/product\/atp-medium58\/","og_locale":"en_US","og_type":"article","og_title":"ATP CEILING - MEDIUM - Ozeano","og_description":"Moonlight. Ceiling light. Description We wanted to bring you the possibility of having the moonlight in your space. An image of it, clear and defined, which can be regulated in intensity and provide you with a warm and immersive atmosphere on ceilings and walls. As natural as it is to look at the sky, this [&hellip;]","og_url":"https:\/\/www.ozeano.studio\/product\/atp-medium58\/","og_site_name":"Ozeano","article_modified_time":"2024-02-07T19:46:10+00:00","og_image":[{"width":925,"height":1387,"url":"https:\/\/www.ozeano.studio\/wp-content\/uploads\/2023\/11\/OZEANO_PRODUCTOS-PURE-ATP-1.jpg","type":"image\/jpeg"}],"twitter_card":"summary_large_image","schema":{"@context":"https:\/\/schema.org","@graph":[{"@type":"WebPage","@id":"https:\/\/www.ozeano.studio\/product\/atp-medium58\/","url":"https:\/\/www.ozeano.studio\/product\/atp-medium58\/","name":"ATP CEILING - MEDIUM - Ozeano","isPartOf":{"@id":"https:\/\/www.ozeano.studio\/#website"},"primaryImageOfPage":{"@id":"https:\/\/www.ozeano.studio\/product\/atp-medium58\/#primaryimage"},"image":{"@id":"https:\/\/www.ozeano.studio\/product\/atp-medium58\/#primaryimage"},"thumbnailUrl":"https:\/\/www.ozeano.studio\/wp-content\/uploads\/2023\/11\/OZEANO_PRODUCTOS-PURE-ATP-1.jpg","datePublished":"2023-08-09T13:10:50+00:00","dateModified":"2024-02-07T19:46:10+00:00","breadcrumb":{"@id":"https:\/\/www.ozeano.studio\/product\/atp-medium58\/#breadcrumb"},"inLanguage":"en-US","potentialAction":[{"@type":"ReadAction","target":["https:\/\/www.ozeano.studio\/product\/atp-medium58\/"]}]},{"@type":"ImageObject","inLanguage":"en-US","@id":"https:\/\/www.ozeano.studio\/product\/atp-medium58\/#primaryimage","url":"https:\/\/www.ozeano.studio\/wp-content\/uploads\/2023\/11\/OZEANO_PRODUCTOS-PURE-ATP-1.jpg","contentUrl":"https:\/\/www.ozeano.studio\/wp-content\/uploads\/2023\/11\/OZEANO_PRODUCTOS-PURE-ATP-1.jpg","width":925,"height":1387,"caption":"ozeano_studio l\u00e1mpara de pared con forma de luna"},{"@type":"BreadcrumbList","@id":"https:\/\/www.ozeano.studio\/product\/atp-medium58\/#breadcrumb","itemListElement":[{"@type":"ListItem","position":1,"name":"Portada","item":"https:\/\/www.ozeano.studio\/"},{"@type":"ListItem","position":2,"name":"Shop","item":"https:\/\/www.ozeano.studio\/tienda-compras-productos-diseno\/"},{"@type":"ListItem","position":3,"name":"ATP CEILING &#8211; MEDIUM"}]},{"@type":"WebSite","@id":"https:\/\/www.ozeano.studio\/#website","url":"https:\/\/www.ozeano.studio\/","name":"Ozeano Studio","description":"Proyectos interiorismo Pamplona","publisher":{"@id":"https:\/\/www.ozeano.studio\/#organization"},"potentialAction":[{"@type":"SearchAction","target":{"@type":"EntryPoint","urlTemplate":"https:\/\/www.ozeano.studio\/?s={search_term_string}"},"query-input":{"@type":"PropertyValueSpecification","valueRequired":true,"valueName":"search_term_string"}}],"inLanguage":"en-US"},{"@type":"Organization","@id":"https:\/\/www.ozeano.studio\/#organization","name":"Ozeano","url":"https:\/\/www.ozeano.studio\/","logo":{"@type":"ImageObject","inLanguage":"en-US","@id":"https:\/\/www.ozeano.studio\/#\/schema\/logo\/image\/","url":"https:\/\/www.ozeano.studio\/wp-content\/uploads\/2023\/11\/08_logotipo_premium_reducido_studio.png","contentUrl":"https:\/\/www.ozeano.studio\/wp-content\/uploads\/2023\/11\/08_logotipo_premium_reducido_studio.png","width":534,"height":389,"caption":"Ozeano"},"image":{"@id":"https:\/\/www.ozeano.studio\/#\/schema\/logo\/image\/"},"sameAs":["https:\/\/www.instagram.com\/ozeanostudio\/"]}]}},"_links":{"self":[{"href":"https:\/\/www.ozeano.studio\/en\/wp-json\/wp\/v2\/product\/1701","targetHints":{"allow":["GET"]}}],"collection":[{"href":"https:\/\/www.ozeano.studio\/en\/wp-json\/wp\/v2\/product"}],"about":[{"href":"https:\/\/www.ozeano.studio\/en\/wp-json\/wp\/v2\/types\/product"}],"wp:featuredmedia":[{"embeddable":true,"href":"https:\/\/www.ozeano.studio\/en\/wp-json\/wp\/v2\/media\/1501"}],"wp:attachment":[{"href":"https:\/\/www.ozeano.studio\/en\/wp-json\/wp\/v2\/media?parent=1701"}],"wp:term":[{"taxonomy":"product_brand","embeddable":true,"href":"https:\/\/www.ozeano.studio\/en\/wp-json\/wp\/v2\/product_brand?post=1701"},{"taxonomy":"product_cat","embeddable":true,"href":"https:\/\/www.ozeano.studio\/en\/wp-json\/wp\/v2\/product_cat?post=1701"},{"taxonomy":"product_tag","embeddable":true,"href":"https:\/\/www.ozeano.studio\/en\/wp-json\/wp\/v2\/product_tag?post=1701"}],"curies":[{"name":"wp","href":"https:\/\/api.w.org\/{rel}","templated":true}]}}