{"id":1660,"date":"2023-09-26T10:16:13","date_gmt":"2023-09-26T10:16:13","guid":{"rendered":"https:\/\/www.ozeano.studio\/producto\/papel-yamaguchi\/"},"modified":"2024-02-06T17:40:37","modified_gmt":"2024-02-06T17:40:37","slug":"papel-yamaguchi","status":"publish","type":"product","link":"https:\/\/www.ozeano.studio\/en\/product\/papel-yamaguchi\/","title":{"rendered":"YAMAGUCHI WALL COVERING"},"content":{"rendered":"<h3>Surrounding yourself with nature is to surround yourself with well-being.<\/h3>\n<h4>Description<\/h4>\n<p>A mural of handmade character, which reflects a fresh, fun landscape, with cheerful colors, which generates a state of calmness and good energy. Its earthy base color is reminiscent of frescoes painted on clay from other eras. Therefore, this is a nice option for when you can not do it in a real way, because it brings us closer to the sensations that nature brings us. The reactions that are produced in our brain with the visual contact with nature The reactions that occur in our brain with the visual contact of nature, causes a drop in cortisol levels, heart rate, blood pressure and improves the response of our immune system. Maybe just the awareness that you need that contact will help you, try it.<\/p>\n<p>We had a hard time deciding which color to choose, ask us about the available versions. Product made from cellulose.<\/p>\n<p>&nbsp;<\/p>\n<h4>Characteristics<\/h4>\n<p>Panel A:\u00a0 \u00a02,96 x 1,4 m wide<\/p>\n<p>Panel B:\u00a0 \u00a02,96 x 1,4 m wide<\/p>\n<p>Roll length:\u00a0 \u00a06 m<\/p>\n<p>Minimum order:\u00a0 \u00a0panel A + panel B<\/p>\n<p>Color:\u00a0 \u00a0Natural landscape mural with earthy base<\/p>\n","protected":false},"excerpt":{"rendered":"<p>Surrounding yourself with nature is to surround yourself with well-being. Description A mural of handmade character, which reflects a fresh, fun landscape, with cheerful colors, which generates a state of calmness and good energy. Its earthy base color is reminiscent of frescoes painted on clay from other eras. Therefore, this is a nice option for [&hellip;]<\/p>\n","protected":false},"featured_media":1568,"template":"","meta":{"_acf_changed":false},"product_brand":[],"product_cat":[50,53],"product_tag":[],"class_list":{"0":"post-1660","1":"product","2":"type-product","3":"status-publish","4":"has-post-thumbnail","6":"product_cat-basic-en","7":"product_cat-coatings","9":"first","10":"onbackorder","11":"shipping-taxable","12":"purchasable","13":"product-type-simple"},"acf":[],"yoast_head":"<!-- This site is optimized with the Yoast SEO plugin v27.1.1 - https:\/\/yoast.com\/product\/yoast-seo-wordpress\/ -->\n<title>YAMAGUCHI WALL COVERING - Ozeano<\/title>\n<meta name=\"robots\" content=\"index, follow, max-snippet:-1, max-image-preview:large, max-video-preview:-1\" \/>\n<link rel=\"canonical\" href=\"https:\/\/www.ozeano.studio\/product\/papel-yamaguchi\/\" \/>\n<meta property=\"og:locale\" content=\"en_US\" \/>\n<meta property=\"og:type\" content=\"article\" \/>\n<meta property=\"og:title\" content=\"YAMAGUCHI WALL COVERING - Ozeano\" \/>\n<meta property=\"og:description\" content=\"Surrounding yourself with nature is to surround yourself with well-being. Description A mural of handmade character, which reflects a fresh, fun landscape, with cheerful colors, which generates a state of calmness and good energy. Its earthy base color is reminiscent of frescoes painted on clay from other eras. Therefore, this is a nice option for [&hellip;]\" \/>\n<meta property=\"og:url\" content=\"https:\/\/www.ozeano.studio\/product\/papel-yamaguchi\/\" \/>\n<meta property=\"og:site_name\" content=\"Ozeano\" \/>\n<meta property=\"article:modified_time\" content=\"2024-02-06T17:40:37+00:00\" \/>\n<meta property=\"og:image\" content=\"https:\/\/www.ozeano.studio\/wp-content\/uploads\/2023\/11\/OZEANO_PRODUCTOS-BASIC-YAMAGUCHI-2.jpg\" \/>\n\t<meta property=\"og:image:width\" content=\"925\" \/>\n\t<meta property=\"og:image:height\" content=\"1387\" \/>\n\t<meta property=\"og:image:type\" content=\"image\/jpeg\" \/>\n<meta name=\"twitter:card\" content=\"summary_large_image\" \/>\n<meta name=\"twitter:label1\" content=\"Est. reading time\" \/>\n\t<meta name=\"twitter:data1\" content=\"1 minute\" \/>\n<script type=\"application\/ld+json\" class=\"yoast-schema-graph\">{\"@context\":\"https:\/\/schema.org\",\"@graph\":[{\"@type\":\"WebPage\",\"@id\":\"https:\/\/www.ozeano.studio\/product\/papel-yamaguchi\/\",\"url\":\"https:\/\/www.ozeano.studio\/product\/papel-yamaguchi\/\",\"name\":\"YAMAGUCHI WALL COVERING - Ozeano\",\"isPartOf\":{\"@id\":\"https:\/\/www.ozeano.studio\/#website\"},\"primaryImageOfPage\":{\"@id\":\"https:\/\/www.ozeano.studio\/product\/papel-yamaguchi\/#primaryimage\"},\"image\":{\"@id\":\"https:\/\/www.ozeano.studio\/product\/papel-yamaguchi\/#primaryimage\"},\"thumbnailUrl\":\"https:\/\/www.ozeano.studio\/wp-content\/uploads\/2023\/11\/OZEANO_PRODUCTOS-BASIC-YAMAGUCHI-2.jpg\",\"datePublished\":\"2023-09-26T10:16:13+00:00\",\"dateModified\":\"2024-02-06T17:40:37+00:00\",\"breadcrumb\":{\"@id\":\"https:\/\/www.ozeano.studio\/product\/papel-yamaguchi\/#breadcrumb\"},\"inLanguage\":\"en-US\",\"potentialAction\":[{\"@type\":\"ReadAction\",\"target\":[\"https:\/\/www.ozeano.studio\/product\/papel-yamaguchi\/\"]}]},{\"@type\":\"ImageObject\",\"inLanguage\":\"en-US\",\"@id\":\"https:\/\/www.ozeano.studio\/product\/papel-yamaguchi\/#primaryimage\",\"url\":\"https:\/\/www.ozeano.studio\/wp-content\/uploads\/2023\/11\/OZEANO_PRODUCTOS-BASIC-YAMAGUCHI-2.jpg\",\"contentUrl\":\"https:\/\/www.ozeano.studio\/wp-content\/uploads\/2023\/11\/OZEANO_PRODUCTOS-BASIC-YAMAGUCHI-2.jpg\",\"width\":925,\"height\":1387,\"caption\":\"coj\u00edn grande a medida para sof\u00e1 o cama con tela \u00e9tnica\"},{\"@type\":\"BreadcrumbList\",\"@id\":\"https:\/\/www.ozeano.studio\/product\/papel-yamaguchi\/#breadcrumb\",\"itemListElement\":[{\"@type\":\"ListItem\",\"position\":1,\"name\":\"Portada\",\"item\":\"https:\/\/www.ozeano.studio\/\"},{\"@type\":\"ListItem\",\"position\":2,\"name\":\"Shop\",\"item\":\"https:\/\/www.ozeano.studio\/tienda-compras-productos-diseno\/\"},{\"@type\":\"ListItem\",\"position\":3,\"name\":\"YAMAGUCHI WALL COVERING\"}]},{\"@type\":\"WebSite\",\"@id\":\"https:\/\/www.ozeano.studio\/#website\",\"url\":\"https:\/\/www.ozeano.studio\/\",\"name\":\"Ozeano Studio\",\"description\":\"Proyectos interiorismo Pamplona\",\"publisher\":{\"@id\":\"https:\/\/www.ozeano.studio\/#organization\"},\"potentialAction\":[{\"@type\":\"SearchAction\",\"target\":{\"@type\":\"EntryPoint\",\"urlTemplate\":\"https:\/\/www.ozeano.studio\/?s={search_term_string}\"},\"query-input\":{\"@type\":\"PropertyValueSpecification\",\"valueRequired\":true,\"valueName\":\"search_term_string\"}}],\"inLanguage\":\"en-US\"},{\"@type\":\"Organization\",\"@id\":\"https:\/\/www.ozeano.studio\/#organization\",\"name\":\"Ozeano\",\"url\":\"https:\/\/www.ozeano.studio\/\",\"logo\":{\"@type\":\"ImageObject\",\"inLanguage\":\"en-US\",\"@id\":\"https:\/\/www.ozeano.studio\/#\/schema\/logo\/image\/\",\"url\":\"https:\/\/www.ozeano.studio\/wp-content\/uploads\/2023\/11\/08_logotipo_premium_reducido_studio.png\",\"contentUrl\":\"https:\/\/www.ozeano.studio\/wp-content\/uploads\/2023\/11\/08_logotipo_premium_reducido_studio.png\",\"width\":534,\"height\":389,\"caption\":\"Ozeano\"},\"image\":{\"@id\":\"https:\/\/www.ozeano.studio\/#\/schema\/logo\/image\/\"},\"sameAs\":[\"https:\/\/www.instagram.com\/ozeanostudio\/\"]}]}<\/script>\n<!-- \/ Yoast SEO plugin. -->","yoast_head_json":{"title":"YAMAGUCHI WALL COVERING - Ozeano","robots":{"index":"index","follow":"follow","max-snippet":"max-snippet:-1","max-image-preview":"max-image-preview:large","max-video-preview":"max-video-preview:-1"},"canonical":"https:\/\/www.ozeano.studio\/product\/papel-yamaguchi\/","og_locale":"en_US","og_type":"article","og_title":"YAMAGUCHI WALL COVERING - Ozeano","og_description":"Surrounding yourself with nature is to surround yourself with well-being. Description A mural of handmade character, which reflects a fresh, fun landscape, with cheerful colors, which generates a state of calmness and good energy. Its earthy base color is reminiscent of frescoes painted on clay from other eras. Therefore, this is a nice option for [&hellip;]","og_url":"https:\/\/www.ozeano.studio\/product\/papel-yamaguchi\/","og_site_name":"Ozeano","article_modified_time":"2024-02-06T17:40:37+00:00","og_image":[{"width":925,"height":1387,"url":"https:\/\/www.ozeano.studio\/wp-content\/uploads\/2023\/11\/OZEANO_PRODUCTOS-BASIC-YAMAGUCHI-2.jpg","type":"image\/jpeg"}],"twitter_card":"summary_large_image","twitter_misc":{"Est. reading time":"1 minute"},"schema":{"@context":"https:\/\/schema.org","@graph":[{"@type":"WebPage","@id":"https:\/\/www.ozeano.studio\/product\/papel-yamaguchi\/","url":"https:\/\/www.ozeano.studio\/product\/papel-yamaguchi\/","name":"YAMAGUCHI WALL COVERING - Ozeano","isPartOf":{"@id":"https:\/\/www.ozeano.studio\/#website"},"primaryImageOfPage":{"@id":"https:\/\/www.ozeano.studio\/product\/papel-yamaguchi\/#primaryimage"},"image":{"@id":"https:\/\/www.ozeano.studio\/product\/papel-yamaguchi\/#primaryimage"},"thumbnailUrl":"https:\/\/www.ozeano.studio\/wp-content\/uploads\/2023\/11\/OZEANO_PRODUCTOS-BASIC-YAMAGUCHI-2.jpg","datePublished":"2023-09-26T10:16:13+00:00","dateModified":"2024-02-06T17:40:37+00:00","breadcrumb":{"@id":"https:\/\/www.ozeano.studio\/product\/papel-yamaguchi\/#breadcrumb"},"inLanguage":"en-US","potentialAction":[{"@type":"ReadAction","target":["https:\/\/www.ozeano.studio\/product\/papel-yamaguchi\/"]}]},{"@type":"ImageObject","inLanguage":"en-US","@id":"https:\/\/www.ozeano.studio\/product\/papel-yamaguchi\/#primaryimage","url":"https:\/\/www.ozeano.studio\/wp-content\/uploads\/2023\/11\/OZEANO_PRODUCTOS-BASIC-YAMAGUCHI-2.jpg","contentUrl":"https:\/\/www.ozeano.studio\/wp-content\/uploads\/2023\/11\/OZEANO_PRODUCTOS-BASIC-YAMAGUCHI-2.jpg","width":925,"height":1387,"caption":"coj\u00edn grande a medida para sof\u00e1 o cama con tela \u00e9tnica"},{"@type":"BreadcrumbList","@id":"https:\/\/www.ozeano.studio\/product\/papel-yamaguchi\/#breadcrumb","itemListElement":[{"@type":"ListItem","position":1,"name":"Portada","item":"https:\/\/www.ozeano.studio\/"},{"@type":"ListItem","position":2,"name":"Shop","item":"https:\/\/www.ozeano.studio\/tienda-compras-productos-diseno\/"},{"@type":"ListItem","position":3,"name":"YAMAGUCHI WALL COVERING"}]},{"@type":"WebSite","@id":"https:\/\/www.ozeano.studio\/#website","url":"https:\/\/www.ozeano.studio\/","name":"Ozeano Studio","description":"Proyectos interiorismo Pamplona","publisher":{"@id":"https:\/\/www.ozeano.studio\/#organization"},"potentialAction":[{"@type":"SearchAction","target":{"@type":"EntryPoint","urlTemplate":"https:\/\/www.ozeano.studio\/?s={search_term_string}"},"query-input":{"@type":"PropertyValueSpecification","valueRequired":true,"valueName":"search_term_string"}}],"inLanguage":"en-US"},{"@type":"Organization","@id":"https:\/\/www.ozeano.studio\/#organization","name":"Ozeano","url":"https:\/\/www.ozeano.studio\/","logo":{"@type":"ImageObject","inLanguage":"en-US","@id":"https:\/\/www.ozeano.studio\/#\/schema\/logo\/image\/","url":"https:\/\/www.ozeano.studio\/wp-content\/uploads\/2023\/11\/08_logotipo_premium_reducido_studio.png","contentUrl":"https:\/\/www.ozeano.studio\/wp-content\/uploads\/2023\/11\/08_logotipo_premium_reducido_studio.png","width":534,"height":389,"caption":"Ozeano"},"image":{"@id":"https:\/\/www.ozeano.studio\/#\/schema\/logo\/image\/"},"sameAs":["https:\/\/www.instagram.com\/ozeanostudio\/"]}]}},"_links":{"self":[{"href":"https:\/\/www.ozeano.studio\/en\/wp-json\/wp\/v2\/product\/1660","targetHints":{"allow":["GET"]}}],"collection":[{"href":"https:\/\/www.ozeano.studio\/en\/wp-json\/wp\/v2\/product"}],"about":[{"href":"https:\/\/www.ozeano.studio\/en\/wp-json\/wp\/v2\/types\/product"}],"wp:featuredmedia":[{"embeddable":true,"href":"https:\/\/www.ozeano.studio\/en\/wp-json\/wp\/v2\/media\/1568"}],"wp:attachment":[{"href":"https:\/\/www.ozeano.studio\/en\/wp-json\/wp\/v2\/media?parent=1660"}],"wp:term":[{"taxonomy":"product_brand","embeddable":true,"href":"https:\/\/www.ozeano.studio\/en\/wp-json\/wp\/v2\/product_brand?post=1660"},{"taxonomy":"product_cat","embeddable":true,"href":"https:\/\/www.ozeano.studio\/en\/wp-json\/wp\/v2\/product_cat?post=1660"},{"taxonomy":"product_tag","embeddable":true,"href":"https:\/\/www.ozeano.studio\/en\/wp-json\/wp\/v2\/product_tag?post=1660"}],"curies":[{"name":"wp","href":"https:\/\/api.w.org\/{rel}","templated":true}]}}