{"id":1658,"date":"2023-09-26T10:16:14","date_gmt":"2023-09-26T10:16:14","guid":{"rendered":"https:\/\/www.ozeano.studio\/producto\/lum-cushion\/"},"modified":"2024-02-06T17:42:11","modified_gmt":"2024-02-06T17:42:11","slug":"lum-cushion","status":"publish","type":"product","link":"https:\/\/www.ozeano.studio\/en\/product\/lum-cushion\/","title":{"rendered":"LUM CUSHION"},"content":{"rendered":"<h3>Textile capable of transforming the character of a space.<\/h3>\n<h4>Description<\/h4>\n<p>A cushion is a friendly element that can bring many nuances to an ensemble. It can give us a more natural and exotic air, or be something more sober and elegant. We have designed a cushion format in which we use as a base an organic fabric (linen, cotton, tercile, etc.), and we incorporate a central area that provides an essential nuance.<\/p>\n<p>In this case, the pearl white colour from the base is carefully assembled for the box. We then integrate a vertical silk, its earthy copper tones create warmth and elegance.<\/p>\n<p>Piece made by hand with entirely natural fabrics.<\/p>\n<p>*If you wish to customize the measurements, just write us in the &#8220;CUSTOMIZE PRODUCT&#8221; section.<\/p>\n<p>&nbsp;<\/p>\n<h4>Characteristics<\/h4>\n<p>Measurements:\u00a0 \u00a0 70 X 40 cm<\/p>\n<p>Color:\u00a0 \u00a0<span class=\"Y2IQFc\" lang=\"en\">Pearl white &#8211; copper<\/span><\/p>\n<p>Removable cover with inner filling of miraguano (natural fiber) and flock.<\/p>\n<p>&nbsp;<\/p>\n","protected":false},"excerpt":{"rendered":"<p>Textile capable of transforming the character of a space. Description A cushion is a friendly element that can bring many nuances to an ensemble. It can give us a more natural and exotic air, or be something more sober and elegant. We have designed a cushion format in which we use as a base an [&hellip;]<\/p>\n","protected":false},"featured_media":1568,"template":"","meta":{"_acf_changed":false},"product_brand":[],"product_cat":[48,49],"product_tag":[],"class_list":{"0":"post-1658","1":"product","2":"type-product","3":"status-publish","4":"has-post-thumbnail","6":"product_cat-pure-en","7":"product_cat-textil-en","9":"first","10":"instock","11":"shipping-taxable","12":"purchasable","13":"product-type-simple"},"acf":[],"yoast_head":"<!-- This site is optimized with the Yoast SEO plugin v27.1.1 - https:\/\/yoast.com\/product\/yoast-seo-wordpress\/ -->\n<title>LUM CUSHION - Ozeano<\/title>\n<meta name=\"robots\" content=\"index, follow, max-snippet:-1, max-image-preview:large, max-video-preview:-1\" \/>\n<link rel=\"canonical\" href=\"https:\/\/www.ozeano.studio\/product\/cojin-lum\/\" \/>\n<meta property=\"og:locale\" content=\"en_US\" \/>\n<meta property=\"og:type\" content=\"article\" \/>\n<meta property=\"og:title\" content=\"LUM CUSHION - Ozeano\" \/>\n<meta property=\"og:description\" content=\"Textile capable of transforming the character of a space. Description A cushion is a friendly element that can bring many nuances to an ensemble. It can give us a more natural and exotic air, or be something more sober and elegant. We have designed a cushion format in which we use as a base an [&hellip;]\" \/>\n<meta property=\"og:url\" content=\"https:\/\/www.ozeano.studio\/product\/cojin-lum\/\" \/>\n<meta property=\"og:site_name\" content=\"Ozeano\" \/>\n<meta property=\"article:modified_time\" content=\"2024-02-06T17:42:11+00:00\" \/>\n<meta property=\"og:image\" content=\"https:\/\/www.ozeano.studio\/wp-content\/uploads\/2023\/11\/OZEANO_PRODUCTOS-BASIC-YAMAGUCHI-2.jpg\" \/>\n\t<meta property=\"og:image:width\" content=\"925\" \/>\n\t<meta property=\"og:image:height\" content=\"1387\" \/>\n\t<meta property=\"og:image:type\" content=\"image\/jpeg\" \/>\n<meta name=\"twitter:card\" content=\"summary_large_image\" \/>\n<meta name=\"twitter:label1\" content=\"Est. reading time\" \/>\n\t<meta name=\"twitter:data1\" content=\"1 minute\" \/>\n<script type=\"application\/ld+json\" class=\"yoast-schema-graph\">{\"@context\":\"https:\/\/schema.org\",\"@graph\":[{\"@type\":\"WebPage\",\"@id\":\"https:\/\/www.ozeano.studio\/product\/cojin-lum\/\",\"url\":\"https:\/\/www.ozeano.studio\/product\/cojin-lum\/\",\"name\":\"LUM CUSHION - Ozeano\",\"isPartOf\":{\"@id\":\"https:\/\/www.ozeano.studio\/#website\"},\"primaryImageOfPage\":{\"@id\":\"https:\/\/www.ozeano.studio\/product\/cojin-lum\/#primaryimage\"},\"image\":{\"@id\":\"https:\/\/www.ozeano.studio\/product\/cojin-lum\/#primaryimage\"},\"thumbnailUrl\":\"https:\/\/www.ozeano.studio\/wp-content\/uploads\/2023\/11\/OZEANO_PRODUCTOS-BASIC-YAMAGUCHI-2.jpg\",\"datePublished\":\"2023-09-26T10:16:14+00:00\",\"dateModified\":\"2024-02-06T17:42:11+00:00\",\"breadcrumb\":{\"@id\":\"https:\/\/www.ozeano.studio\/product\/cojin-lum\/#breadcrumb\"},\"inLanguage\":\"en-US\",\"potentialAction\":[{\"@type\":\"ReadAction\",\"target\":[\"https:\/\/www.ozeano.studio\/product\/cojin-lum\/\"]}]},{\"@type\":\"ImageObject\",\"inLanguage\":\"en-US\",\"@id\":\"https:\/\/www.ozeano.studio\/product\/cojin-lum\/#primaryimage\",\"url\":\"https:\/\/www.ozeano.studio\/wp-content\/uploads\/2023\/11\/OZEANO_PRODUCTOS-BASIC-YAMAGUCHI-2.jpg\",\"contentUrl\":\"https:\/\/www.ozeano.studio\/wp-content\/uploads\/2023\/11\/OZEANO_PRODUCTOS-BASIC-YAMAGUCHI-2.jpg\",\"width\":925,\"height\":1387,\"caption\":\"coj\u00edn grande a medida para sof\u00e1 o cama con tela \u00e9tnica\"},{\"@type\":\"BreadcrumbList\",\"@id\":\"https:\/\/www.ozeano.studio\/product\/cojin-lum\/#breadcrumb\",\"itemListElement\":[{\"@type\":\"ListItem\",\"position\":1,\"name\":\"Portada\",\"item\":\"https:\/\/www.ozeano.studio\/\"},{\"@type\":\"ListItem\",\"position\":2,\"name\":\"Shop\",\"item\":\"https:\/\/www.ozeano.studio\/tienda-compras-productos-diseno\/\"},{\"@type\":\"ListItem\",\"position\":3,\"name\":\"LUM CUSHION\"}]},{\"@type\":\"WebSite\",\"@id\":\"https:\/\/www.ozeano.studio\/#website\",\"url\":\"https:\/\/www.ozeano.studio\/\",\"name\":\"Ozeano Studio\",\"description\":\"Proyectos interiorismo Pamplona\",\"publisher\":{\"@id\":\"https:\/\/www.ozeano.studio\/#organization\"},\"potentialAction\":[{\"@type\":\"SearchAction\",\"target\":{\"@type\":\"EntryPoint\",\"urlTemplate\":\"https:\/\/www.ozeano.studio\/?s={search_term_string}\"},\"query-input\":{\"@type\":\"PropertyValueSpecification\",\"valueRequired\":true,\"valueName\":\"search_term_string\"}}],\"inLanguage\":\"en-US\"},{\"@type\":\"Organization\",\"@id\":\"https:\/\/www.ozeano.studio\/#organization\",\"name\":\"Ozeano\",\"url\":\"https:\/\/www.ozeano.studio\/\",\"logo\":{\"@type\":\"ImageObject\",\"inLanguage\":\"en-US\",\"@id\":\"https:\/\/www.ozeano.studio\/#\/schema\/logo\/image\/\",\"url\":\"https:\/\/www.ozeano.studio\/wp-content\/uploads\/2023\/11\/08_logotipo_premium_reducido_studio.png\",\"contentUrl\":\"https:\/\/www.ozeano.studio\/wp-content\/uploads\/2023\/11\/08_logotipo_premium_reducido_studio.png\",\"width\":534,\"height\":389,\"caption\":\"Ozeano\"},\"image\":{\"@id\":\"https:\/\/www.ozeano.studio\/#\/schema\/logo\/image\/\"},\"sameAs\":[\"https:\/\/www.instagram.com\/ozeanostudio\/\"]}]}<\/script>\n<!-- \/ Yoast SEO plugin. -->","yoast_head_json":{"title":"LUM CUSHION - Ozeano","robots":{"index":"index","follow":"follow","max-snippet":"max-snippet:-1","max-image-preview":"max-image-preview:large","max-video-preview":"max-video-preview:-1"},"canonical":"https:\/\/www.ozeano.studio\/product\/cojin-lum\/","og_locale":"en_US","og_type":"article","og_title":"LUM CUSHION - Ozeano","og_description":"Textile capable of transforming the character of a space. Description A cushion is a friendly element that can bring many nuances to an ensemble. It can give us a more natural and exotic air, or be something more sober and elegant. We have designed a cushion format in which we use as a base an [&hellip;]","og_url":"https:\/\/www.ozeano.studio\/product\/cojin-lum\/","og_site_name":"Ozeano","article_modified_time":"2024-02-06T17:42:11+00:00","og_image":[{"width":925,"height":1387,"url":"https:\/\/www.ozeano.studio\/wp-content\/uploads\/2023\/11\/OZEANO_PRODUCTOS-BASIC-YAMAGUCHI-2.jpg","type":"image\/jpeg"}],"twitter_card":"summary_large_image","twitter_misc":{"Est. reading time":"1 minute"},"schema":{"@context":"https:\/\/schema.org","@graph":[{"@type":"WebPage","@id":"https:\/\/www.ozeano.studio\/product\/cojin-lum\/","url":"https:\/\/www.ozeano.studio\/product\/cojin-lum\/","name":"LUM CUSHION - Ozeano","isPartOf":{"@id":"https:\/\/www.ozeano.studio\/#website"},"primaryImageOfPage":{"@id":"https:\/\/www.ozeano.studio\/product\/cojin-lum\/#primaryimage"},"image":{"@id":"https:\/\/www.ozeano.studio\/product\/cojin-lum\/#primaryimage"},"thumbnailUrl":"https:\/\/www.ozeano.studio\/wp-content\/uploads\/2023\/11\/OZEANO_PRODUCTOS-BASIC-YAMAGUCHI-2.jpg","datePublished":"2023-09-26T10:16:14+00:00","dateModified":"2024-02-06T17:42:11+00:00","breadcrumb":{"@id":"https:\/\/www.ozeano.studio\/product\/cojin-lum\/#breadcrumb"},"inLanguage":"en-US","potentialAction":[{"@type":"ReadAction","target":["https:\/\/www.ozeano.studio\/product\/cojin-lum\/"]}]},{"@type":"ImageObject","inLanguage":"en-US","@id":"https:\/\/www.ozeano.studio\/product\/cojin-lum\/#primaryimage","url":"https:\/\/www.ozeano.studio\/wp-content\/uploads\/2023\/11\/OZEANO_PRODUCTOS-BASIC-YAMAGUCHI-2.jpg","contentUrl":"https:\/\/www.ozeano.studio\/wp-content\/uploads\/2023\/11\/OZEANO_PRODUCTOS-BASIC-YAMAGUCHI-2.jpg","width":925,"height":1387,"caption":"coj\u00edn grande a medida para sof\u00e1 o cama con tela \u00e9tnica"},{"@type":"BreadcrumbList","@id":"https:\/\/www.ozeano.studio\/product\/cojin-lum\/#breadcrumb","itemListElement":[{"@type":"ListItem","position":1,"name":"Portada","item":"https:\/\/www.ozeano.studio\/"},{"@type":"ListItem","position":2,"name":"Shop","item":"https:\/\/www.ozeano.studio\/tienda-compras-productos-diseno\/"},{"@type":"ListItem","position":3,"name":"LUM CUSHION"}]},{"@type":"WebSite","@id":"https:\/\/www.ozeano.studio\/#website","url":"https:\/\/www.ozeano.studio\/","name":"Ozeano Studio","description":"Proyectos interiorismo Pamplona","publisher":{"@id":"https:\/\/www.ozeano.studio\/#organization"},"potentialAction":[{"@type":"SearchAction","target":{"@type":"EntryPoint","urlTemplate":"https:\/\/www.ozeano.studio\/?s={search_term_string}"},"query-input":{"@type":"PropertyValueSpecification","valueRequired":true,"valueName":"search_term_string"}}],"inLanguage":"en-US"},{"@type":"Organization","@id":"https:\/\/www.ozeano.studio\/#organization","name":"Ozeano","url":"https:\/\/www.ozeano.studio\/","logo":{"@type":"ImageObject","inLanguage":"en-US","@id":"https:\/\/www.ozeano.studio\/#\/schema\/logo\/image\/","url":"https:\/\/www.ozeano.studio\/wp-content\/uploads\/2023\/11\/08_logotipo_premium_reducido_studio.png","contentUrl":"https:\/\/www.ozeano.studio\/wp-content\/uploads\/2023\/11\/08_logotipo_premium_reducido_studio.png","width":534,"height":389,"caption":"Ozeano"},"image":{"@id":"https:\/\/www.ozeano.studio\/#\/schema\/logo\/image\/"},"sameAs":["https:\/\/www.instagram.com\/ozeanostudio\/"]}]}},"_links":{"self":[{"href":"https:\/\/www.ozeano.studio\/en\/wp-json\/wp\/v2\/product\/1658","targetHints":{"allow":["GET"]}}],"collection":[{"href":"https:\/\/www.ozeano.studio\/en\/wp-json\/wp\/v2\/product"}],"about":[{"href":"https:\/\/www.ozeano.studio\/en\/wp-json\/wp\/v2\/types\/product"}],"wp:featuredmedia":[{"embeddable":true,"href":"https:\/\/www.ozeano.studio\/en\/wp-json\/wp\/v2\/media\/1568"}],"wp:attachment":[{"href":"https:\/\/www.ozeano.studio\/en\/wp-json\/wp\/v2\/media?parent=1658"}],"wp:term":[{"taxonomy":"product_brand","embeddable":true,"href":"https:\/\/www.ozeano.studio\/en\/wp-json\/wp\/v2\/product_brand?post=1658"},{"taxonomy":"product_cat","embeddable":true,"href":"https:\/\/www.ozeano.studio\/en\/wp-json\/wp\/v2\/product_cat?post=1658"},{"taxonomy":"product_tag","embeddable":true,"href":"https:\/\/www.ozeano.studio\/en\/wp-json\/wp\/v2\/product_tag?post=1658"}],"curies":[{"name":"wp","href":"https:\/\/api.w.org\/{rel}","templated":true}]}}